{"id":3565,"date":"2025-01-30T15:56:12","date_gmt":"2025-01-30T14:56:12","guid":{"rendered":"https:\/\/www.klimatsu.com\/quienes-somos\/"},"modified":"2025-06-05T14:50:15","modified_gmt":"2025-06-05T12:50:15","slug":"wer-wir-sind","status":"publish","type":"page","link":"https:\/\/www.klimatsu.com\/de\/wer-wir-sind\/","title":{"rendered":"Wer wir sind"},"content":{"rendered":"<div class=\"fusion-fullwidth fullwidth-box fusion-builder-row-1 fusion-flex-container has-pattern-background has-mask-background nonhundred-percent-fullwidth non-hundred-percent-height-scrolling\" style=\"--awb-border-radius-top-left:0px;--awb-border-radius-top-right:0px;--awb-border-radius-bottom-right:0px;--awb-border-radius-bottom-left:0px;--awb-flex-wrap:wrap;\" ><div class=\"fusion-builder-row fusion-row fusion-flex-align-items-flex-start fusion-flex-content-wrap\" style=\"max-width:1248px;margin-left: calc(-4% \/ 2 );margin-right: calc(-4% \/ 2 );\"><div class=\"fusion-layout-column fusion_builder_column fusion-builder-column-0 fusion_builder_column_1_1 1_1 fusion-flex-column\" style=\"--awb-bg-size:cover;--awb-width-large:100%;--awb-margin-top-large:0px;--awb-spacing-right-large:1.92%;--awb-margin-bottom-large:20px;--awb-spacing-left-large:1.92%;--awb-width-medium:100%;--awb-order-medium:0;--awb-spacing-right-medium:1.92%;--awb-spacing-left-medium:1.92%;--awb-width-small:100%;--awb-order-small:0;--awb-spacing-right-small:1.92%;--awb-spacing-left-small:1.92%;\"><div class=\"fusion-column-wrapper fusion-column-has-shadow fusion-flex-justify-content-flex-start fusion-content-layout-column\"><div class=\"fusion-text fusion-text-1\"><p>Klimatsu\u00ae ist eine Produktpalette f\u00fcr die Klimatisierung, die ein komplettes Angebot an hochwertigen, umweltfreundlichen, \u00f6kologischen und innovativen Produkten bietet, die auf der Nachfrage des Vertriebskanals basieren. Dieses Angebot umfasst Klimager\u00e4te unterschiedlicher Leistung und Technologie sowie Zubeh\u00f6r f\u00fcr die Montage, den Gebrauch und die Installation, die eine vollst\u00e4ndig an die Bed\u00fcrfnisse des Vertriebsmarktes angepasste Palette bilden.<\/p>\n<p>Alle Klimatsu\u00ae-Produkte werden strengen Qualit\u00e4tskontrollen unterzogen. Aus diesem Grund bestehen die Ger\u00e4te aus erstklassigen Markenteilen mit Korrosionsschutzbehandlung und guten Leistungen bei sehr niedrigen und hohen Temperaturen, die den Benutzern Komfort und Garantie bieten.<\/p>\n<p>Mit einer starken und lang anhaltenden Erfolgsbilanz im professionellen Bereich, \u00fcber 40 Jahren Erfahrung und mit mehr als 200.000 verkauften Klimager\u00e4ten in Europa, Lateinamerika und Nordafrika, stellt Klimatsu\u00ae die perfekte L\u00f6sung f\u00fcr seine Kunden und eine endg\u00fcltige Antwort auf ihre Bed\u00fcrfnisse dar. Seine Hauptvorteile sind die fl\u00e4chendeckende Versorgung, die hohe Qualit\u00e4t seiner Produkte, die Leistung und Verbrauch optimieren und mit maximaler Energieeffizienz klassifiziert sind, und seine wettbewerbsf\u00e4higen Preise.<\/p>\n<p>All dies, zusammen mit der Qualit\u00e4t des technischen Kundendienstes, der die gesamte Halbinsel abdeckt und schnelle Reaktionszeiten bietet, und einem Team aus hochqualifiziertem technischem Personal mit umfassender Erfahrung in diesem Sektor, macht Klimatsu\u00ae zu einer perfekten Option in einem Markt, der sich in voller Expansion befindet.<\/p>\n<\/div><\/div><\/div><\/div><\/div>\n","protected":false},"excerpt":{"rendered":"","protected":false},"author":1,"featured_media":0,"parent":0,"menu_order":0,"comment_status":"closed","ping_status":"closed","template":"100-width.php","meta":{"footnotes":""},"class_list":["post-3565","page","type-page","status-publish","hentry"],"_links":{"self":[{"href":"https:\/\/www.klimatsu.com\/de\/wp-json\/wp\/v2\/pages\/3565","targetHints":{"allow":["GET"]}}],"collection":[{"href":"https:\/\/www.klimatsu.com\/de\/wp-json\/wp\/v2\/pages"}],"about":[{"href":"https:\/\/www.klimatsu.com\/de\/wp-json\/wp\/v2\/types\/page"}],"author":[{"embeddable":true,"href":"https:\/\/www.klimatsu.com\/de\/wp-json\/wp\/v2\/users\/1"}],"replies":[{"embeddable":true,"href":"https:\/\/www.klimatsu.com\/de\/wp-json\/wp\/v2\/comments?post=3565"}],"version-history":[{"count":2,"href":"https:\/\/www.klimatsu.com\/de\/wp-json\/wp\/v2\/pages\/3565\/revisions"}],"predecessor-version":[{"id":3567,"href":"https:\/\/www.klimatsu.com\/de\/wp-json\/wp\/v2\/pages\/3565\/revisions\/3567"}],"wp:attachment":[{"href":"https:\/\/www.klimatsu.com\/de\/wp-json\/wp\/v2\/media?parent=3565"}],"curies":[{"name":"wp","href":"https:\/\/api.w.org\/{rel}","templated":true}]}}