{"id":3437,"date":"2025-02-20T13:07:24","date_gmt":"2025-02-20T12:07:24","guid":{"rendered":"https:\/\/www.klimatsu.com\/serie-aruku\/"},"modified":"2025-05-20T13:21:12","modified_gmt":"2025-05-20T11:21:12","slug":"serie-aruku","status":"publish","type":"page","link":"https:\/\/www.klimatsu.com\/fr\/gamme-domestique\/serie-aruku\/","title":{"rendered":"Serie ARUKU"},"content":{"rendered":"<p><div class=\"fusion-fullwidth fullwidth-box fusion-builder-row-1 fusion-flex-container nonhundred-percent-fullwidth non-hundred-percent-height-scrolling\" style=\"--awb-border-radius-top-left:0px;--awb-border-radius-top-right:0px;--awb-border-radius-bottom-right:0px;--awb-border-radius-bottom-left:0px;--awb-flex-wrap:wrap;\" ><div class=\"fusion-builder-row fusion-row fusion-flex-align-items-flex-start fusion-flex-content-wrap\" style=\"max-width:1248px;margin-left: calc(-4% \/ 2 );margin-right: calc(-4% \/ 2 );\"><div class=\"fusion-layout-column fusion_builder_column fusion-builder-column-0 fusion_builder_column_3_5 3_5 fusion-flex-column\" style=\"--awb-bg-size:cover;--awb-width-large:60%;--awb-margin-top-large:0px;--awb-spacing-right-large:0px;--awb-margin-bottom-large:0px;--awb-spacing-left-large:0px;--awb-width-medium:60%;--awb-order-medium:0;--awb-spacing-right-medium:0px;--awb-spacing-left-medium:0px;--awb-width-small:100%;--awb-order-small:0;--awb-spacing-right-small:1.92%;--awb-spacing-left-small:1.92%;\" data-scroll-devices=\"small-visibility,medium-visibility,large-visibility\"><div class=\"fusion-column-wrapper fusion-column-has-shadow fusion-flex-justify-content-flex-start fusion-content-layout-column\"><div class=\"fusion-image-element \" style=\"--awb-caption-title-font-family:var(--h2_typography-font-family);--awb-caption-title-font-weight:var(--h2_typography-font-weight);--awb-caption-title-font-style:var(--h2_typography-font-style);--awb-caption-title-size:var(--h2_typography-font-size);--awb-caption-title-transform:var(--h2_typography-text-transform);--awb-caption-title-line-height:var(--h2_typography-line-height);--awb-caption-title-letter-spacing:var(--h2_typography-letter-spacing);\"><span class=\" fusion-imageframe imageframe-none imageframe-1 hover-type-none\"><img decoding=\"async\" width=\"700\" height=\"370\" title=\"foto-aruku\" src=\"https:\/\/www.klimatsu.com\/wp-content\/uploads\/2025\/02\/foto-aruku.jpg\" data-orig-src=\"http:\/\/www.klimatsu.com\/wp-content\/uploads\/2025\/02\/foto-aruku.jpg\" alt class=\"lazyload img-responsive wp-image-3069\" srcset=\"data:image\/svg+xml,%3Csvg%20xmlns%3D%27http%3A%2F%2Fwww.w3.org%2F2000%2Fsvg%27%20width%3D%27700%27%20height%3D%27370%27%20viewBox%3D%270%200%20700%20370%27%3E%3Crect%20width%3D%27700%27%20height%3D%27370%27%20fill-opacity%3D%220%22%2F%3E%3C%2Fsvg%3E\" data-srcset=\"https:\/\/www.klimatsu.com\/wp-content\/uploads\/2025\/02\/foto-aruku-200x106.jpg 200w, https:\/\/www.klimatsu.com\/wp-content\/uploads\/2025\/02\/foto-aruku-400x211.jpg 400w, https:\/\/www.klimatsu.com\/wp-content\/uploads\/2025\/02\/foto-aruku-600x317.jpg 600w, https:\/\/www.klimatsu.com\/wp-content\/uploads\/2025\/02\/foto-aruku.jpg 700w\" data-sizes=\"auto\" data-orig-sizes=\"(max-width: 700px) 100vw, 700px\" \/><\/span><\/div><\/div><\/div><div class=\"fusion-layout-column fusion_builder_column fusion-builder-column-1 fusion_builder_column_1_5 1_5 fusion-flex-column\" style=\"--awb-padding-top:10px;--awb-padding-right:10px;--awb-padding-left:20px;--awb-bg-color:#f7f7f7;--awb-bg-color-hover:#f7f7f7;--awb-bg-size:cover;--awb-border-color:#dcdcdc;--awb-border-right:1px;--awb-border-left:1px;--awb-border-style:solid;--awb-width-large:20%;--awb-margin-top-large:0px;--awb-spacing-right-large:0px;--awb-margin-bottom-large:0px;--awb-spacing-left-large:0px;--awb-width-medium:20%;--awb-order-medium:0;--awb-spacing-right-medium:0px;--awb-spacing-left-medium:0px;--awb-width-small:100%;--awb-order-small:0;--awb-spacing-right-small:1.92%;--awb-spacing-left-small:1.92%;\" data-scroll-devices=\"small-visibility,medium-visibility,large-visibility\"><div class=\"fusion-column-wrapper fusion-column-has-shadow fusion-flex-justify-content-flex-start fusion-content-layout-column\"><div class=\"fusion-text fusion-text-1\"><h4>Avantage<\/h4>\n<\/div><div class=\"fusion-text fusion-text-2\"><p>&#8211; \u00c9conomies d&rsquo;\u00e9nergie<br \/>\n&#8211; Confortable<br \/>\n&#8211; Salutaire<br \/>\n&#8211; Wifi<br \/>\n&#8211; Faible niveau sonore<br \/>\n&#8211; Triple facilit\u00e9<br \/>\n&#8211; Mode ing\u00e9nierie<br \/>\n&#8211; On\/Off<br \/>\n&#8211; OTA<\/p>\n<\/div><\/div><\/div><div class=\"fusion-layout-column fusion_builder_column fusion-builder-column-2 fusion_builder_column_1_5 1_5 fusion-flex-column\" style=\"--awb-padding-top:10px;--awb-padding-left:20px;--awb-bg-size:cover;--awb-width-large:20%;--awb-margin-top-large:0px;--awb-spacing-right-large:0px;--awb-margin-bottom-large:0px;--awb-spacing-left-large:0px;--awb-width-medium:20%;--awb-order-medium:0;--awb-spacing-right-medium:0px;--awb-spacing-left-medium:0px;--awb-width-small:100%;--awb-order-small:0;--awb-spacing-right-small:1.92%;--awb-spacing-left-small:1.92%;\" data-scroll-devices=\"small-visibility,medium-visibility,large-visibility\"><div class=\"fusion-column-wrapper fusion-column-has-shadow fusion-flex-justify-content-flex-start fusion-content-layout-column\"><div class=\"fusion-text fusion-text-3\"><h4>Sp\u00e9cifications techniques<\/h4>\n<\/div><div class=\"fusion-text fusion-text-4\"><p>&#8211; Fiche Technique<br \/>\n<a href=\"http:\/\/www.klimatsu.com\/wp-content\/uploads\/2025\/02\/CL80501_CL80504_TEC_ARUKU_Split_de_pared.pdf\" target=\"_blank\" rel=\"noopener\"><img decoding=\"async\" class=\"lazyload bandera alignnone\" src=\"data:image\/svg+xml,%3Csvg%20xmlns%3D%27http%3A%2F%2Fwww.w3.org%2F2000%2Fsvg%27%20width%3D%2718%27%20height%3D%2718%27%20viewBox%3D%270%200%2018%2018%27%3E%3Crect%20width%3D%2718%27%20height%3D%2718%27%20fill-opacity%3D%220%22%2F%3E%3C%2Fsvg%3E\" data-orig-src=\"http:\/\/www.klimatsu.com\/wp-content\/uploads\/imagenes\/ES-18X18.png\" alt=\"\" width=\"18\" height=\"18\" \/><\/a> <a href=\"https:\/\/www.klimatsu.com\/wp-content\/uploads\/2025\/04\/10056615_EN.pdf\" target=\"_blank\" rel=\"noopener\"><img decoding=\"async\" class=\"lazyload bandera alignnone\" src=\"data:image\/svg+xml,%3Csvg%20xmlns%3D%27http%3A%2F%2Fwww.w3.org%2F2000%2Fsvg%27%20width%3D%2718%27%20height%3D%2718%27%20viewBox%3D%270%200%2018%2018%27%3E%3Crect%20width%3D%2718%27%20height%3D%2718%27%20fill-opacity%3D%220%22%2F%3E%3C%2Fsvg%3E\" data-orig-src=\"http:\/\/www.klimatsu.com\/wp-content\/uploads\/imagenes\/EN-18X18.png\" alt=\"\" width=\"18\" height=\"18\" \/><\/a> <a href=\"https:\/\/www.klimatsu.com\/wp-content\/uploads\/2025\/04\/10056616_FR.pdf\" target=\"_blank\" rel=\"noopener\"><img decoding=\"async\" class=\"lazyload bandera alignnone\" src=\"data:image\/svg+xml,%3Csvg%20xmlns%3D%27http%3A%2F%2Fwww.w3.org%2F2000%2Fsvg%27%20width%3D%2718%27%20height%3D%2718%27%20viewBox%3D%270%200%2018%2018%27%3E%3Crect%20width%3D%2718%27%20height%3D%2718%27%20fill-opacity%3D%220%22%2F%3E%3C%2Fsvg%3E\" data-orig-src=\"http:\/\/www.klimatsu.com\/wp-content\/uploads\/imagenes\/FR-18X18.png\" alt=\"\" width=\"18\" height=\"18\" \/><\/a> <a href=\"https:\/\/www.klimatsu.com\/wp-content\/uploads\/2025\/04\/10056614_DE.pdf\" target=\"_blank\" rel=\"noopener\"><img decoding=\"async\" class=\"lazyload bandera alignnone\" src=\"data:image\/svg+xml,%3Csvg%20xmlns%3D%27http%3A%2F%2Fwww.w3.org%2F2000%2Fsvg%27%20width%3D%2718%27%20height%3D%2718%27%20viewBox%3D%270%200%2018%2018%27%3E%3Crect%20width%3D%2718%27%20height%3D%2718%27%20fill-opacity%3D%220%22%2F%3E%3C%2Fsvg%3E\" data-orig-src=\"http:\/\/www.klimatsu.com\/wp-content\/uploads\/imagenes\/DE-18X18.png\" alt=\"\" width=\"18\" height=\"18\" \/><\/a> <a href=\"https:\/\/www.klimatsu.com\/wp-content\/uploads\/2025\/04\/10056638_PT.pdf\" target=\"_blank\" rel=\"noopener\"><img decoding=\"async\" class=\"lazyload bandera alignnone\" src=\"data:image\/svg+xml,%3Csvg%20xmlns%3D%27http%3A%2F%2Fwww.w3.org%2F2000%2Fsvg%27%20width%3D%2718%27%20height%3D%2718%27%20viewBox%3D%270%200%2018%2018%27%3E%3Crect%20width%3D%2718%27%20height%3D%2718%27%20fill-opacity%3D%220%22%2F%3E%3C%2Fsvg%3E\" data-orig-src=\"http:\/\/www.klimatsu.com\/wp-content\/uploads\/imagenes\/PT-18X18.png\" alt=\"\" width=\"18\" height=\"18\" \/><\/a><br \/>\n&#8211; Manuel de l&rsquo;utilisateur et d&rsquo;installation<br \/>\n<a href=\"http:\/\/www.klimatsu.com\/wp-content\/uploads\/2025\/03\/USOINST_KSAR-H1_CL80501-504_ES_EN_FR_DE_PT.pdf\" target=\"_blank\" rel=\"noopener\"><img decoding=\"async\" class=\"lazyload bandera alignnone\" src=\"data:image\/svg+xml,%3Csvg%20xmlns%3D%27http%3A%2F%2Fwww.w3.org%2F2000%2Fsvg%27%20width%3D%2718%27%20height%3D%2718%27%20viewBox%3D%270%200%2018%2018%27%3E%3Crect%20width%3D%2718%27%20height%3D%2718%27%20fill-opacity%3D%220%22%2F%3E%3C%2Fsvg%3E\" data-orig-src=\"http:\/\/www.klimatsu.com\/wp-content\/uploads\/imagenes\/Multi-18X18.png\" alt=\"Multi idioma\" width=\"18\" height=\"18\" \/><\/a><br \/>\n&#8211; Manuel du mode ing\u00e9nierie<br \/>\n<a href=\"http:\/\/www.klimatsu.com\/wp-content\/uploads\/2025\/03\/CL80501_CL80504-CL90205_MODO_INGENIERIA_KSAR-H1_ES.pdf\" target=\"_blank\" rel=\"noopener\"><img decoding=\"async\" class=\"lazyload bandera alignnone\" src=\"data:image\/svg+xml,%3Csvg%20xmlns%3D%27http%3A%2F%2Fwww.w3.org%2F2000%2Fsvg%27%20width%3D%2718%27%20height%3D%2718%27%20viewBox%3D%270%200%2018%2018%27%3E%3Crect%20width%3D%2718%27%20height%3D%2718%27%20fill-opacity%3D%220%22%2F%3E%3C%2Fsvg%3E\" data-orig-src=\"http:\/\/www.klimatsu.com\/wp-content\/uploads\/imagenes\/ES-18X18.png\" alt=\"Espa\u00f1ol\" width=\"18\" height=\"18\" \/><\/a> <a href=\"http:\/\/www.klimatsu.com\/wp-content\/uploads\/2025\/03\/CL80501_CL80504-CL90205_MODO_INGENIERIA_KSAR-H1_EN.pdf\" target=\"_blank\" rel=\"noopener\"><img decoding=\"async\" class=\"lazyload bandera alignnone\" src=\"data:image\/svg+xml,%3Csvg%20xmlns%3D%27http%3A%2F%2Fwww.w3.org%2F2000%2Fsvg%27%20width%3D%2718%27%20height%3D%2718%27%20viewBox%3D%270%200%2018%2018%27%3E%3Crect%20width%3D%2718%27%20height%3D%2718%27%20fill-opacity%3D%220%22%2F%3E%3C%2Fsvg%3E\" data-orig-src=\"http:\/\/www.klimatsu.com\/wp-content\/uploads\/imagenes\/EN-18X18.png\" alt=\"English\" width=\"18\" height=\"18\" \/><\/a> <a href=\"http:\/\/www.klimatsu.com\/wp-content\/uploads\/2025\/03\/CL80501_CL80504-CL90205_MODO_INGENIERIA_KSAR-H1_FR.pdf\" target=\"_blank\" rel=\"noopener\"><img decoding=\"async\" class=\"lazyload bandera alignnone\" src=\"data:image\/svg+xml,%3Csvg%20xmlns%3D%27http%3A%2F%2Fwww.w3.org%2F2000%2Fsvg%27%20width%3D%2718%27%20height%3D%2718%27%20viewBox%3D%270%200%2018%2018%27%3E%3Crect%20width%3D%2718%27%20height%3D%2718%27%20fill-opacity%3D%220%22%2F%3E%3C%2Fsvg%3E\" data-orig-src=\"http:\/\/www.klimatsu.com\/wp-content\/uploads\/imagenes\/FR-18X18.png\" alt=\"Fran\u00e7ais\" width=\"18\" height=\"18\" \/><\/a> <a href=\"http:\/\/www.klimatsu.com\/wp-content\/uploads\/2025\/03\/CL80501_CL80504-CL90205_MODO_INGENIERIA_KSAR-H1_DE.pdf\" target=\"_blank\" rel=\"noopener\"><img decoding=\"async\" class=\"lazyload bandera alignnone\" src=\"data:image\/svg+xml,%3Csvg%20xmlns%3D%27http%3A%2F%2Fwww.w3.org%2F2000%2Fsvg%27%20width%3D%2718%27%20height%3D%2718%27%20viewBox%3D%270%200%2018%2018%27%3E%3Crect%20width%3D%2718%27%20height%3D%2718%27%20fill-opacity%3D%220%22%2F%3E%3C%2Fsvg%3E\" data-orig-src=\"http:\/\/www.klimatsu.com\/wp-content\/uploads\/imagenes\/DE-18X18.png\" alt=\"Deutsch\" width=\"18\" height=\"18\" \/><\/a> <a href=\"http:\/\/www.klimatsu.com\/wp-content\/uploads\/2025\/03\/CL80501_CL80504-CL90205_MODO_INGENIERIA_KSAR-H1_PT.pdf\" target=\"_blank\" rel=\"noopener\"><img decoding=\"async\" class=\"lazyload bandera alignnone\" src=\"data:image\/svg+xml,%3Csvg%20xmlns%3D%27http%3A%2F%2Fwww.w3.org%2F2000%2Fsvg%27%20width%3D%2718%27%20height%3D%2718%27%20viewBox%3D%270%200%2018%2018%27%3E%3Crect%20width%3D%2718%27%20height%3D%2718%27%20fill-opacity%3D%220%22%2F%3E%3C%2Fsvg%3E\" data-orig-src=\"http:\/\/www.klimatsu.com\/wp-content\/uploads\/imagenes\/PT-18X18.png\" alt=\"Portugu\u00eas\" width=\"18\" height=\"18\" \/><\/a><br \/>\n&#8211; \u00c9tiquettes \u00c9nerg\u00e9tiques<br \/>\n<a href=\"http:\/\/www.klimatsu.com\/wp-content\/uploads\/2025\/03\/EL_ARUKU_H1_CL80501-504.pdf\" target=\"_blank\" rel=\"noopener\"><img decoding=\"async\" class=\"lazyload bandera alignnone\" src=\"data:image\/svg+xml,%3Csvg%20xmlns%3D%27http%3A%2F%2Fwww.w3.org%2F2000%2Fsvg%27%20width%3D%2718%27%20height%3D%2718%27%20viewBox%3D%270%200%2018%2018%27%3E%3Crect%20width%3D%2718%27%20height%3D%2718%27%20fill-opacity%3D%220%22%2F%3E%3C%2Fsvg%3E\" data-orig-src=\"http:\/\/www.klimatsu.com\/wp-content\/uploads\/imagenes\/Multi-18X18.png\" alt=\"Multi media\" width=\"18\" height=\"18\" \/><\/a><\/p>\n<\/div><\/div><\/div><\/div><\/div><div class=\"fusion-fullwidth fullwidth-box fusion-builder-row-2 fusion-flex-container has-pattern-background has-mask-background nonhundred-percent-fullwidth non-hundred-percent-height-scrolling\" style=\"--awb-border-radius-top-left:0px;--awb-border-radius-top-right:0px;--awb-border-radius-bottom-right:0px;--awb-border-radius-bottom-left:0px;--awb-margin-top:40px;--awb-flex-wrap:wrap;\" ><div class=\"fusion-builder-row fusion-row fusion-flex-align-items-flex-start fusion-flex-content-wrap\" style=\"max-width:1248px;margin-left: calc(-4% \/ 2 );margin-right: calc(-4% \/ 2 );\"><div class=\"fusion-layout-column fusion_builder_column fusion-builder-column-3 fusion_builder_column_1_1 1_1 fusion-flex-column\" style=\"--awb-bg-size:cover;--awb-width-large:100%;--awb-margin-top-large:0px;--awb-spacing-right-large:1.92%;--awb-margin-bottom-large:0px;--awb-spacing-left-large:1.92%;--awb-width-medium:100%;--awb-order-medium:0;--awb-spacing-right-medium:1.92%;--awb-spacing-left-medium:1.92%;--awb-width-small:100%;--awb-order-small:0;--awb-spacing-right-small:1.92%;--awb-spacing-left-small:1.92%;\" data-scroll-devices=\"small-visibility,medium-visibility,large-visibility\"><div class=\"fusion-column-wrapper fusion-column-has-shadow fusion-flex-justify-content-flex-start fusion-content-layout-column\"><div class=\"fusion-video fusion-selfhosted-video\" style=\"max-width:1248px;\"><div class=\"video-wrapper\"><video playsinline=\"true\" width=\"100%\" style=\"object-fit: cover;\" loop=\"true\" poster=\"http:\/\/www.klimatsu.com\/wp-content\/uploads\/2025\/02\/video-aruku.jpg\" preload=\"auto\" controls=\"1\"><source src=\"http:\/\/klimatsu.com\/wp-content\/uploads\/videos\/Klimatsu_ARUKU_H1.mp4\" type=\"video\/mp4\"><track src=\"http:\/\/klimatsu.com\/wp-content\/uploads\/videos\/Klimatsu_ARUKU_H1.mp4\" kind=\"captions\" label=\"video aruku\" srclang=\"\">Sorry, your browser doesn&#039;t support embedded videos.<\/video><\/div><\/div><\/div><\/div><\/div><\/div><\/p>\n","protected":false},"excerpt":{"rendered":"","protected":false},"author":1,"featured_media":0,"parent":3440,"menu_order":0,"comment_status":"closed","ping_status":"closed","template":"100-width.php","meta":{"footnotes":""},"class_list":["post-3437","page","type-page","status-publish","hentry"],"_links":{"self":[{"href":"https:\/\/www.klimatsu.com\/fr\/wp-json\/wp\/v2\/pages\/3437","targetHints":{"allow":["GET"]}}],"collection":[{"href":"https:\/\/www.klimatsu.com\/fr\/wp-json\/wp\/v2\/pages"}],"about":[{"href":"https:\/\/www.klimatsu.com\/fr\/wp-json\/wp\/v2\/types\/page"}],"author":[{"embeddable":true,"href":"https:\/\/www.klimatsu.com\/fr\/wp-json\/wp\/v2\/users\/1"}],"replies":[{"embeddable":true,"href":"https:\/\/www.klimatsu.com\/fr\/wp-json\/wp\/v2\/comments?post=3437"}],"version-history":[{"count":2,"href":"https:\/\/www.klimatsu.com\/fr\/wp-json\/wp\/v2\/pages\/3437\/revisions"}],"predecessor-version":[{"id":3439,"href":"https:\/\/www.klimatsu.com\/fr\/wp-json\/wp\/v2\/pages\/3437\/revisions\/3439"}],"up":[{"embeddable":true,"href":"https:\/\/www.klimatsu.com\/fr\/wp-json\/wp\/v2\/pages\/3440"}],"wp:attachment":[{"href":"https:\/\/www.klimatsu.com\/fr\/wp-json\/wp\/v2\/media?parent=3437"}],"curies":[{"name":"wp","href":"https:\/\/api.w.org\/{rel}","templated":true}]}}