{"id":3443,"date":"2025-04-23T10:18:51","date_gmt":"2025-04-23T08:18:51","guid":{"rendered":"https:\/\/www.klimatsu.com\/gamme-commerciale\/serie-aruku-hasta-5x1\/"},"modified":"2025-05-20T10:29:31","modified_gmt":"2025-05-20T08:29:31","slug":"serie-aruku-jusqua-5x1","status":"publish","type":"page","link":"https:\/\/www.klimatsu.com\/fr\/gamme-domestique\/serie-aruku-jusqua-5x1\/","title":{"rendered":"S\u00e9rie ARUKU JUSQU&rsquo;\u00c0 5&#215;1"},"content":{"rendered":"<div class=\"fusion-fullwidth fullwidth-box fusion-builder-row-1 fusion-flex-container nonhundred-percent-fullwidth non-hundred-percent-height-scrolling\" style=\"--awb-border-radius-top-left:0px;--awb-border-radius-top-right:0px;--awb-border-radius-bottom-right:0px;--awb-border-radius-bottom-left:0px;--awb-flex-wrap:wrap;\" ><div class=\"fusion-builder-row fusion-row fusion-flex-align-items-flex-start fusion-flex-content-wrap\" style=\"max-width:1248px;margin-left: calc(-4% \/ 2 );margin-right: calc(-4% \/ 2 );\"><div class=\"fusion-layout-column fusion_builder_column fusion-builder-column-0 fusion_builder_column_3_5 3_5 fusion-flex-column\" style=\"--awb-bg-size:cover;--awb-width-large:60%;--awb-margin-top-large:0px;--awb-spacing-right-large:0px;--awb-margin-bottom-large:0px;--awb-spacing-left-large:0px;--awb-width-medium:60%;--awb-order-medium:0;--awb-spacing-right-medium:0px;--awb-spacing-left-medium:0px;--awb-width-small:100%;--awb-order-small:0;--awb-spacing-right-small:1.92%;--awb-spacing-left-small:1.92%;\" data-scroll-devices=\"small-visibility,medium-visibility,large-visibility\"><div class=\"fusion-column-wrapper fusion-column-has-shadow fusion-flex-justify-content-flex-start fusion-content-layout-column\"><div class=\"fusion-image-element \" style=\"--awb-caption-title-font-family:var(--h2_typography-font-family);--awb-caption-title-font-weight:var(--h2_typography-font-weight);--awb-caption-title-font-style:var(--h2_typography-font-style);--awb-caption-title-size:var(--h2_typography-font-size);--awb-caption-title-transform:var(--h2_typography-text-transform);--awb-caption-title-line-height:var(--h2_typography-line-height);--awb-caption-title-letter-spacing:var(--h2_typography-letter-spacing);\"><span class=\" fusion-imageframe imageframe-none imageframe-1 hover-type-none\"><img decoding=\"async\" width=\"700\" height=\"548\" title=\"CL80601_605_TEC_ARUKU_Multi-1\" src=\"https:\/\/www.klimatsu.com\/wp-content\/uploads\/2025\/04\/CL80601_605_TEC_ARUKU_Multi-1.jpg\" data-orig-src=\"https:\/\/www.klimatsu.com\/wp-content\/uploads\/2025\/04\/CL80601_605_TEC_ARUKU_Multi-1.jpg\" alt class=\"lazyload img-responsive wp-image-3149\" srcset=\"data:image\/svg+xml,%3Csvg%20xmlns%3D%27http%3A%2F%2Fwww.w3.org%2F2000%2Fsvg%27%20width%3D%27700%27%20height%3D%27548%27%20viewBox%3D%270%200%20700%20548%27%3E%3Crect%20width%3D%27700%27%20height%3D%27548%27%20fill-opacity%3D%220%22%2F%3E%3C%2Fsvg%3E\" data-srcset=\"https:\/\/www.klimatsu.com\/wp-content\/uploads\/2025\/04\/CL80601_605_TEC_ARUKU_Multi-1-200x157.jpg 200w, https:\/\/www.klimatsu.com\/wp-content\/uploads\/2025\/04\/CL80601_605_TEC_ARUKU_Multi-1-400x313.jpg 400w, https:\/\/www.klimatsu.com\/wp-content\/uploads\/2025\/04\/CL80601_605_TEC_ARUKU_Multi-1-600x470.jpg 600w, https:\/\/www.klimatsu.com\/wp-content\/uploads\/2025\/04\/CL80601_605_TEC_ARUKU_Multi-1.jpg 700w\" data-sizes=\"auto\" data-orig-sizes=\"(max-width: 700px) 100vw, 700px\" \/><\/span><\/div><\/div><\/div><div class=\"fusion-layout-column fusion_builder_column fusion-builder-column-1 fusion_builder_column_1_5 1_5 fusion-flex-column\" style=\"--awb-padding-top:10px;--awb-padding-right:10px;--awb-padding-left:20px;--awb-bg-color:#f7f7f7;--awb-bg-color-hover:#f7f7f7;--awb-bg-size:cover;--awb-border-color:#dcdcdc;--awb-border-right:1px;--awb-border-left:1px;--awb-border-style:solid;--awb-width-large:20%;--awb-margin-top-large:0px;--awb-spacing-right-large:0px;--awb-margin-bottom-large:0px;--awb-spacing-left-large:0px;--awb-width-medium:20%;--awb-order-medium:0;--awb-spacing-right-medium:0px;--awb-spacing-left-medium:0px;--awb-width-small:100%;--awb-order-small:0;--awb-spacing-right-small:1.92%;--awb-spacing-left-small:1.92%;\" data-scroll-devices=\"small-visibility,medium-visibility,large-visibility\"><div class=\"fusion-column-wrapper fusion-column-has-shadow fusion-flex-justify-content-flex-start fusion-content-layout-column\"><div class=\"fusion-text fusion-text-1\"><h4>Avantage<\/h4>\n<\/div><div class=\"fusion-text fusion-text-2\"><p>&#8211; Gaz r\u00e9frig\u00e9rant R32<br \/>\n&#8211; Large plage de fonctionnement<br \/>\n&#8211; Traitement \u201cGolden Fin\u201d<br \/>\n&#8211; Plusieurs vitesses du ventilateur ext\u00e9rieur<br \/>\n&#8211; Technologie Super DC Inverter<br \/>\n&#8211; D\u00e9tection de fuite de r\u00e9frig\u00e9rant<br \/>\n&#8211; Refroidissement \u00e0 basse temp\u00e9rature ext\u00e9rieure<\/p>\n<\/div><\/div><\/div><div class=\"fusion-layout-column fusion_builder_column fusion-builder-column-2 fusion_builder_column_1_5 1_5 fusion-flex-column\" style=\"--awb-padding-top:10px;--awb-padding-left:20px;--awb-bg-size:cover;--awb-width-large:20%;--awb-margin-top-large:0px;--awb-spacing-right-large:0px;--awb-margin-bottom-large:0px;--awb-spacing-left-large:0px;--awb-width-medium:20%;--awb-order-medium:0;--awb-spacing-right-medium:0px;--awb-spacing-left-medium:0px;--awb-width-small:100%;--awb-order-small:0;--awb-spacing-right-small:1.92%;--awb-spacing-left-small:1.92%;\" data-scroll-devices=\"small-visibility,medium-visibility,large-visibility\"><div class=\"fusion-column-wrapper fusion-column-has-shadow fusion-flex-justify-content-flex-start fusion-content-layout-column\"><div class=\"fusion-text fusion-text-3\"><h4>Sp\u00e9cifications techniques<\/h4>\n<\/div><div class=\"fusion-text fusion-text-4\"><p>&#8211; Fiche Technique<br \/>\n<a href=\"https:\/\/www.klimatsu.com\/wp-content\/uploads\/2025\/04\/10058183.pdf\" target=\"_blank\" rel=\"noopener\"><img decoding=\"async\" class=\"lazyload bandera alignnone\" src=\"data:image\/svg+xml,%3Csvg%20xmlns%3D%27http%3A%2F%2Fwww.w3.org%2F2000%2Fsvg%27%20width%3D%2718%27%20height%3D%2718%27%20viewBox%3D%270%200%2018%2018%27%3E%3Crect%20width%3D%2718%27%20height%3D%2718%27%20fill-opacity%3D%220%22%2F%3E%3C%2Fsvg%3E\" data-orig-src=\"http:\/\/www.klimatsu.com\/wp-content\/uploads\/imagenes\/ES-18X18.png\" alt=\"\" width=\"18\" height=\"18\" \/><\/a> <a href=\"https:\/\/www.klimatsu.com\/wp-content\/uploads\/2025\/05\/cl80601_cl80605_tec_aruku_multi_EN.pdf\" target=\"_blank\" rel=\"noopener\"><img decoding=\"async\" class=\"lazyload bandera alignnone\" src=\"data:image\/svg+xml,%3Csvg%20xmlns%3D%27http%3A%2F%2Fwww.w3.org%2F2000%2Fsvg%27%20width%3D%2718%27%20height%3D%2718%27%20viewBox%3D%270%200%2018%2018%27%3E%3Crect%20width%3D%2718%27%20height%3D%2718%27%20fill-opacity%3D%220%22%2F%3E%3C%2Fsvg%3E\" data-orig-src=\"http:\/\/www.klimatsu.com\/wp-content\/uploads\/imagenes\/EN-18X18.png\" alt=\"\" width=\"18\" height=\"18\" \/><\/a> <a href=\"https:\/\/www.klimatsu.com\/wp-content\/uploads\/2025\/05\/cl80601_cl80605_tec_aruku_multi_FR.pdf\" target=\"_blank\" rel=\"noopener\"><img decoding=\"async\" class=\"lazyload bandera alignnone\" src=\"data:image\/svg+xml,%3Csvg%20xmlns%3D%27http%3A%2F%2Fwww.w3.org%2F2000%2Fsvg%27%20width%3D%2718%27%20height%3D%2718%27%20viewBox%3D%270%200%2018%2018%27%3E%3Crect%20width%3D%2718%27%20height%3D%2718%27%20fill-opacity%3D%220%22%2F%3E%3C%2Fsvg%3E\" data-orig-src=\"http:\/\/www.klimatsu.com\/wp-content\/uploads\/imagenes\/FR-18X18.png\" alt=\"\" width=\"18\" height=\"18\" \/><\/a> <a href=\"https:\/\/www.klimatsu.com\/wp-content\/uploads\/2025\/05\/cl80601_cl80605_tec_aruku_multi_DE.pdf\" target=\"_blank\" rel=\"noopener\"><img decoding=\"async\" class=\"lazyload bandera alignnone\" src=\"data:image\/svg+xml,%3Csvg%20xmlns%3D%27http%3A%2F%2Fwww.w3.org%2F2000%2Fsvg%27%20width%3D%2718%27%20height%3D%2718%27%20viewBox%3D%270%200%2018%2018%27%3E%3Crect%20width%3D%2718%27%20height%3D%2718%27%20fill-opacity%3D%220%22%2F%3E%3C%2Fsvg%3E\" data-orig-src=\"http:\/\/www.klimatsu.com\/wp-content\/uploads\/imagenes\/DE-18X18.png\" alt=\"\" width=\"18\" height=\"18\" \/><\/a> <a href=\"https:\/\/www.klimatsu.com\/wp-content\/uploads\/2025\/05\/cl80601_cl80605_tec_aruku_multi_PT.pdf\" target=\"_blank\" rel=\"noopener\"><img decoding=\"async\" class=\"lazyload bandera alignnone\" src=\"data:image\/svg+xml,%3Csvg%20xmlns%3D%27http%3A%2F%2Fwww.w3.org%2F2000%2Fsvg%27%20width%3D%2718%27%20height%3D%2718%27%20viewBox%3D%270%200%2018%2018%27%3E%3Crect%20width%3D%2718%27%20height%3D%2718%27%20fill-opacity%3D%220%22%2F%3E%3C%2Fsvg%3E\" data-orig-src=\"http:\/\/www.klimatsu.com\/wp-content\/uploads\/imagenes\/PT-18X18.png\" alt=\"\" width=\"18\" height=\"18\" \/><\/a><br \/>\n&#8211; Manuel de l&rsquo;utilisateur et d&rsquo;installation<br \/>\n<a href=\"https:\/\/www.klimatsu.com\/wp-content\/uploads\/2025\/04\/10058224.pdf\" target=\"_blank\" rel=\"noopener\"><img decoding=\"async\" class=\"lazyload bandera alignnone\" src=\"data:image\/svg+xml,%3Csvg%20xmlns%3D%27http%3A%2F%2Fwww.w3.org%2F2000%2Fsvg%27%20width%3D%2718%27%20height%3D%2718%27%20viewBox%3D%270%200%2018%2018%27%3E%3Crect%20width%3D%2718%27%20height%3D%2718%27%20fill-opacity%3D%220%22%2F%3E%3C%2Fsvg%3E\" data-orig-src=\"http:\/\/www.klimatsu.com\/wp-content\/uploads\/imagenes\/Multi-18X18.png\" alt=\"Multi idioma\" width=\"18\" height=\"18\" \/><\/a><br \/>\n&#8211; Manual t\u00e9cnico<br \/>\n<a href=\"https:\/\/www.klimatsu.com\/wp-content\/uploads\/2025\/04\/TECNICO_MULTI_ARUKU_CL80601_CL80606.pdf\" target=\"_blank\" rel=\"noopener\"><img decoding=\"async\" class=\"lazyload bandera alignnone\" src=\"data:image\/svg+xml,%3Csvg%20xmlns%3D%27http%3A%2F%2Fwww.w3.org%2F2000%2Fsvg%27%20width%3D%2718%27%20height%3D%2718%27%20viewBox%3D%270%200%2018%2018%27%3E%3Crect%20width%3D%2718%27%20height%3D%2718%27%20fill-opacity%3D%220%22%2F%3E%3C%2Fsvg%3E\" data-orig-src=\"http:\/\/www.klimatsu.com\/wp-content\/uploads\/imagenes\/Multi-18X18.png\" alt=\"\" width=\"18\" height=\"18\" \/><\/a><br \/>\n&#8211; Manuel Technique<br \/>\n<a href=\"https:\/\/www.klimatsu.com\/wp-content\/uploads\/2025\/04\/10058184.pdf\" target=\"_blank\" rel=\"noopener\"><img decoding=\"async\" class=\"lazyload bandera alignnone\" src=\"data:image\/svg+xml,%3Csvg%20xmlns%3D%27http%3A%2F%2Fwww.w3.org%2F2000%2Fsvg%27%20width%3D%2718%27%20height%3D%2718%27%20viewBox%3D%270%200%2018%2018%27%3E%3Crect%20width%3D%2718%27%20height%3D%2718%27%20fill-opacity%3D%220%22%2F%3E%3C%2Fsvg%3E\" data-orig-src=\"http:\/\/www.klimatsu.com\/wp-content\/uploads\/imagenes\/Multi-18X18.png\" alt=\"Multi media\" width=\"18\" height=\"18\" \/><\/a><br \/>\n&#8211; Tableaux de capacit\u00e9<br \/>\n<a href=\"https:\/\/www.klimatsu.com\/wp-content\/uploads\/2025\/04\/combinaciones_MULTI-ARUKU_CL80601_CL80606_ES.pdf\" target=\"_blank\" rel=\"noopener\"><img decoding=\"async\" class=\"lazyload bandera alignnone\" src=\"data:image\/svg+xml,%3Csvg%20xmlns%3D%27http%3A%2F%2Fwww.w3.org%2F2000%2Fsvg%27%20width%3D%2718%27%20height%3D%2718%27%20viewBox%3D%270%200%2018%2018%27%3E%3Crect%20width%3D%2718%27%20height%3D%2718%27%20fill-opacity%3D%220%22%2F%3E%3C%2Fsvg%3E\" data-orig-src=\"http:\/\/www.klimatsu.com\/wp-content\/uploads\/imagenes\/ES-18X18.png\" alt=\"\" width=\"18\" height=\"18\" \/><\/a><\/p>\n<\/div><\/div><\/div><\/div><\/div>\n","protected":false},"excerpt":{"rendered":"","protected":false},"author":1,"featured_media":0,"parent":3440,"menu_order":0,"comment_status":"closed","ping_status":"closed","template":"100-width.php","meta":{"footnotes":""},"class_list":["post-3443","page","type-page","status-publish","hentry"],"_links":{"self":[{"href":"https:\/\/www.klimatsu.com\/fr\/wp-json\/wp\/v2\/pages\/3443","targetHints":{"allow":["GET"]}}],"collection":[{"href":"https:\/\/www.klimatsu.com\/fr\/wp-json\/wp\/v2\/pages"}],"about":[{"href":"https:\/\/www.klimatsu.com\/fr\/wp-json\/wp\/v2\/types\/page"}],"author":[{"embeddable":true,"href":"https:\/\/www.klimatsu.com\/fr\/wp-json\/wp\/v2\/users\/1"}],"replies":[{"embeddable":true,"href":"https:\/\/www.klimatsu.com\/fr\/wp-json\/wp\/v2\/comments?post=3443"}],"version-history":[{"count":2,"href":"https:\/\/www.klimatsu.com\/fr\/wp-json\/wp\/v2\/pages\/3443\/revisions"}],"predecessor-version":[{"id":3445,"href":"https:\/\/www.klimatsu.com\/fr\/wp-json\/wp\/v2\/pages\/3443\/revisions\/3445"}],"up":[{"embeddable":true,"href":"https:\/\/www.klimatsu.com\/fr\/wp-json\/wp\/v2\/pages\/3440"}],"wp:attachment":[{"href":"https:\/\/www.klimatsu.com\/fr\/wp-json\/wp\/v2\/media?parent=3443"}],"curies":[{"name":"wp","href":"https:\/\/api.w.org\/{rel}","templated":true}]}}