{"id":3510,"date":"2025-01-30T15:56:12","date_gmt":"2025-01-30T14:56:12","guid":{"rendered":"https:\/\/www.klimatsu.com\/quienes-somos\/"},"modified":"2025-05-26T10:39:11","modified_gmt":"2025-05-26T08:39:11","slug":"qui-sommes-nous","status":"publish","type":"page","link":"https:\/\/www.klimatsu.com\/fr\/qui-sommes-nous\/","title":{"rendered":"Qui sommes-nous ?"},"content":{"rendered":"<div class=\"fusion-fullwidth fullwidth-box fusion-builder-row-1 fusion-flex-container has-pattern-background has-mask-background nonhundred-percent-fullwidth non-hundred-percent-height-scrolling\" style=\"--awb-border-radius-top-left:0px;--awb-border-radius-top-right:0px;--awb-border-radius-bottom-right:0px;--awb-border-radius-bottom-left:0px;--awb-flex-wrap:wrap;\" ><div class=\"fusion-builder-row fusion-row fusion-flex-align-items-flex-start fusion-flex-content-wrap\" style=\"max-width:1248px;margin-left: calc(-4% \/ 2 );margin-right: calc(-4% \/ 2 );\"><div class=\"fusion-layout-column fusion_builder_column fusion-builder-column-0 fusion_builder_column_1_1 1_1 fusion-flex-column\" style=\"--awb-bg-size:cover;--awb-width-large:100%;--awb-margin-top-large:0px;--awb-spacing-right-large:1.92%;--awb-margin-bottom-large:20px;--awb-spacing-left-large:1.92%;--awb-width-medium:100%;--awb-order-medium:0;--awb-spacing-right-medium:1.92%;--awb-spacing-left-medium:1.92%;--awb-width-small:100%;--awb-order-small:0;--awb-spacing-right-small:1.92%;--awb-spacing-left-small:1.92%;\"><div class=\"fusion-column-wrapper fusion-column-has-shadow fusion-flex-justify-content-flex-start fusion-content-layout-column\"><div class=\"fusion-text fusion-text-1\"><p>Klimatsu\u00ae est une gamme compl\u00e8te de produits de qualit\u00e9 sup\u00e9rieure qui offre une s\u00e9lection de produits destin\u00e9s \u00e0 la climatisation, respectueux de l&rsquo;environnement, \u00e9cologiques et innovants, en fonction de la demande de son r\u00e9seau. Cette gamme comprend des climatiseurs offrant diff\u00e9rentes puissances et technologies, ainsi que des accessoires pour le montage, l&rsquo;utilisation et l&rsquo;installation, constituant ainsi une gamme parfaitement adapt\u00e9e aux besoins du march\u00e9 de la distribution.<\/p>\n<p>Tous les produits Klimatsu\u00ae sont soumis \u00e0 des contr\u00f4les de qualit\u00e9 stricts. C&rsquo;est pourquoi ses \u00e9quipements sont constitu\u00e9s de pi\u00e8ces de premi\u00e8re marque, avec un traitement anticorrosion et de bonnes performances \u00e0 tr\u00e8s basses et tr\u00e8s hautes temp\u00e9ratures, offrant \u00e0 l&rsquo;utilisateur confort et garantie.<\/p>\n<p>Forte d&rsquo;une exp\u00e9rience de plus de 40 ans dans son secteur d\u2019activit\u00e9 et de plus de 200 000 climatiseurs vendus en Europe, en Am\u00e9rique latine et en Afrique du Nord, Klimatsu\u00ae repr\u00e9sente la solution id\u00e9ale pour ses clients et une r\u00e9ponse d\u00e9finitive \u00e0 leurs besoins. Ses principaux avantages : son offre propos\u00e9e sur l\u2019ensemble de territoire national, ses prix comp\u00e9titifs et ses produits de haute qualit\u00e9 class\u00e9s avec une efficacit\u00e9 \u00e9nerg\u00e9tique maximale qui permettent l\u2019optimisation des performances et de la consommation d\u2019\u00e9nergie.<\/p>\n<p>Tous ces \u00e9l\u00e9ments, ajout\u00e9s \u00e0 la qualit\u00e9 de son service d&rsquo;assistance technique, qui couvre toute la p\u00e9ninsule et fournit des r\u00e9ponses rapides gr\u00e2ce \u00e0 une \u00e9quipe compos\u00e9e de personnel technique hautement qualifi\u00e9 et dot\u00e9 d&rsquo;une grande exp\u00e9rience dans le domaine, font de Klimatsu\u00ae l&rsquo;option parfaite dans un march\u00e9 en pleine expansion.<\/p>\n<\/div><\/div><\/div><\/div><\/div>\n","protected":false},"excerpt":{"rendered":"","protected":false},"author":1,"featured_media":0,"parent":0,"menu_order":0,"comment_status":"closed","ping_status":"closed","template":"100-width.php","meta":{"footnotes":""},"class_list":["post-3510","page","type-page","status-publish","hentry"],"_links":{"self":[{"href":"https:\/\/www.klimatsu.com\/fr\/wp-json\/wp\/v2\/pages\/3510","targetHints":{"allow":["GET"]}}],"collection":[{"href":"https:\/\/www.klimatsu.com\/fr\/wp-json\/wp\/v2\/pages"}],"about":[{"href":"https:\/\/www.klimatsu.com\/fr\/wp-json\/wp\/v2\/types\/page"}],"author":[{"embeddable":true,"href":"https:\/\/www.klimatsu.com\/fr\/wp-json\/wp\/v2\/users\/1"}],"replies":[{"embeddable":true,"href":"https:\/\/www.klimatsu.com\/fr\/wp-json\/wp\/v2\/comments?post=3510"}],"version-history":[{"count":2,"href":"https:\/\/www.klimatsu.com\/fr\/wp-json\/wp\/v2\/pages\/3510\/revisions"}],"predecessor-version":[{"id":3512,"href":"https:\/\/www.klimatsu.com\/fr\/wp-json\/wp\/v2\/pages\/3510\/revisions\/3512"}],"wp:attachment":[{"href":"https:\/\/www.klimatsu.com\/fr\/wp-json\/wp\/v2\/media?parent=3510"}],"curies":[{"name":"wp","href":"https:\/\/api.w.org\/{rel}","templated":true}]}}