{"id":3620,"date":"2025-04-25T08:40:33","date_gmt":"2025-04-25T06:40:33","guid":{"rendered":"https:\/\/www.klimatsu.com\/gama-comercial\/serie-cassette-kanji\/"},"modified":"2025-06-26T13:04:12","modified_gmt":"2025-06-26T11:04:12","slug":"cassete-serie-kanji","status":"publish","type":"page","link":"https:\/\/www.klimatsu.com\/pt-pt\/gama-comercial\/cassete-serie-kanji\/","title":{"rendered":"Cassete s\u00e9rie Kanji"},"content":{"rendered":"<div class=\"fusion-fullwidth fullwidth-box fusion-builder-row-1 fusion-flex-container nonhundred-percent-fullwidth non-hundred-percent-height-scrolling\" style=\"--awb-border-radius-top-left:0px;--awb-border-radius-top-right:0px;--awb-border-radius-bottom-right:0px;--awb-border-radius-bottom-left:0px;--awb-flex-wrap:wrap;\" ><div class=\"fusion-builder-row fusion-row fusion-flex-align-items-flex-start fusion-flex-content-wrap\" style=\"max-width:1248px;margin-left: calc(-4% \/ 2 );margin-right: calc(-4% \/ 2 );\"><div class=\"fusion-layout-column fusion_builder_column fusion-builder-column-0 fusion_builder_column_3_5 3_5 fusion-flex-column\" style=\"--awb-bg-size:cover;--awb-width-large:60%;--awb-margin-top-large:0px;--awb-spacing-right-large:0px;--awb-margin-bottom-large:0px;--awb-spacing-left-large:0px;--awb-width-medium:60%;--awb-order-medium:0;--awb-spacing-right-medium:0px;--awb-spacing-left-medium:0px;--awb-width-small:100%;--awb-order-small:0;--awb-spacing-right-small:1.92%;--awb-spacing-left-small:1.92%;\" data-scroll-devices=\"small-visibility,medium-visibility,large-visibility\"><div class=\"fusion-column-wrapper fusion-column-has-shadow fusion-flex-justify-content-flex-start fusion-content-layout-column\"><div class=\"fusion-image-element \" style=\"--awb-caption-title-font-family:var(--h2_typography-font-family);--awb-caption-title-font-weight:var(--h2_typography-font-weight);--awb-caption-title-font-style:var(--h2_typography-font-style);--awb-caption-title-size:var(--h2_typography-font-size);--awb-caption-title-transform:var(--h2_typography-text-transform);--awb-caption-title-line-height:var(--h2_typography-line-height);--awb-caption-title-letter-spacing:var(--h2_typography-letter-spacing);\"><span class=\" fusion-imageframe imageframe-none imageframe-1 hover-type-none\"><img decoding=\"async\" width=\"700\" height=\"436\" title=\"kanji_cassette\" src=\"https:\/\/www.klimatsu.com\/wp-content\/uploads\/2025\/04\/kanji_cassette.jpg\" data-orig-src=\"https:\/\/www.klimatsu.com\/wp-content\/uploads\/2025\/04\/kanji_cassette.jpg\" alt class=\"lazyload img-responsive wp-image-3259\" srcset=\"data:image\/svg+xml,%3Csvg%20xmlns%3D%27http%3A%2F%2Fwww.w3.org%2F2000%2Fsvg%27%20width%3D%27700%27%20height%3D%27436%27%20viewBox%3D%270%200%20700%20436%27%3E%3Crect%20width%3D%27700%27%20height%3D%27436%27%20fill-opacity%3D%220%22%2F%3E%3C%2Fsvg%3E\" data-srcset=\"https:\/\/www.klimatsu.com\/wp-content\/uploads\/2025\/04\/kanji_cassette-200x125.jpg 200w, https:\/\/www.klimatsu.com\/wp-content\/uploads\/2025\/04\/kanji_cassette-400x249.jpg 400w, https:\/\/www.klimatsu.com\/wp-content\/uploads\/2025\/04\/kanji_cassette-600x374.jpg 600w, https:\/\/www.klimatsu.com\/wp-content\/uploads\/2025\/04\/kanji_cassette.jpg 700w\" data-sizes=\"auto\" data-orig-sizes=\"(max-width: 700px) 100vw, 700px\" \/><\/span><\/div><\/div><\/div><div class=\"fusion-layout-column fusion_builder_column fusion-builder-column-1 fusion_builder_column_1_5 1_5 fusion-flex-column\" style=\"--awb-padding-top:10px;--awb-padding-right:10px;--awb-padding-left:20px;--awb-bg-color:#f7f7f7;--awb-bg-color-hover:#f7f7f7;--awb-bg-size:cover;--awb-border-color:#dcdcdc;--awb-border-right:1px;--awb-border-left:1px;--awb-border-style:solid;--awb-width-large:20%;--awb-margin-top-large:0px;--awb-spacing-right-large:0px;--awb-margin-bottom-large:0px;--awb-spacing-left-large:0px;--awb-width-medium:20%;--awb-order-medium:0;--awb-spacing-right-medium:0px;--awb-spacing-left-medium:0px;--awb-width-small:100%;--awb-order-small:0;--awb-spacing-right-small:1.92%;--awb-spacing-left-small:1.92%;\" data-scroll-devices=\"small-visibility,medium-visibility,large-visibility\"><div class=\"fusion-column-wrapper fusion-column-has-shadow fusion-flex-justify-content-flex-start fusion-content-layout-column\"><div class=\"fusion-text fusion-text-1\"><h4>Desempenho<\/h4>\n<\/div><div class=\"fusion-text fusion-text-2\"><p>&#8211; Bomba de condensados<br \/>\n&#8211; Painel 360\u00ba Compacto<br \/>\n&#8211; Vasta gama<br \/>\n&#8211; Conectividade BMS<br \/>\n&#8211; Conectividade WIFI<br \/>\n&#8211; Sinais remotos<br \/>\n&#8211; Fun\u00e7\u00e3o \u201cI FEEL\u201d<br \/>\n&#8211; Ecr\u00e3 digital \u201cLED\u201d<br \/>\n&#8211; Preven\u00e7\u00e3o do ar frio<br \/>\n&#8211; Entrada de ar exterior<br \/>\n&#8211; Modo autom\u00e1tico<br \/>\n&#8211; Rein\u00edcio autom\u00e1tico<br \/>\n&#8211; V\u00e1rias velocidades do ventilador exterior<br \/>\n&#8211; Tecnologia Super DC Inverter<br \/>\n&#8211; Modo Noturno<br \/>\n&#8211; Temporizador di\u00e1rio<br \/>\n&#8211; G\u00e1s refrigerante R32<br \/>\n&#8211; Ampla gama de funcionamento<br \/>\n&#8211; Tratamento \u201cGolden Fin\u201d<br \/>\n&#8211; Dete\u00e7\u00e3o de fuga de refrigerante<br \/>\n&#8211; Arrefecimento a baixa temperatura exterior<\/p>\n<\/div><\/div><\/div><div class=\"fusion-layout-column fusion_builder_column fusion-builder-column-2 fusion_builder_column_1_5 1_5 fusion-flex-column\" style=\"--awb-padding-top:10px;--awb-padding-left:20px;--awb-bg-size:cover;--awb-width-large:20%;--awb-margin-top-large:0px;--awb-spacing-right-large:0px;--awb-margin-bottom-large:0px;--awb-spacing-left-large:0px;--awb-width-medium:20%;--awb-order-medium:0;--awb-spacing-right-medium:0px;--awb-spacing-left-medium:0px;--awb-width-small:100%;--awb-order-small:0;--awb-spacing-right-small:1.92%;--awb-spacing-left-small:1.92%;\" data-scroll-devices=\"small-visibility,medium-visibility,large-visibility\"><div class=\"fusion-column-wrapper fusion-column-has-shadow fusion-flex-justify-content-flex-start fusion-content-layout-column\"><div class=\"fusion-text fusion-text-3\"><h4>Especifica\u00e7\u00f5es t\u00e9cnicas<\/h4>\n<\/div><div class=\"fusion-text fusion-text-4\"><p>&#8211; Ficha t\u00e9cnica<br \/>\n<a href=\"https:\/\/www.klimatsu.com\/wp-content\/uploads\/2025\/04\/CL81511_CL81515_TEC_KCAR-H1_Cassette.pdf\" target=\"_blank\" rel=\"noopener\"><img decoding=\"async\" class=\"lazyload bandera alignnone\" src=\"data:image\/svg+xml,%3Csvg%20xmlns%3D%27http%3A%2F%2Fwww.w3.org%2F2000%2Fsvg%27%20width%3D%2718%27%20height%3D%2718%27%20viewBox%3D%270%200%2018%2018%27%3E%3Crect%20width%3D%2718%27%20height%3D%2718%27%20fill-opacity%3D%220%22%2F%3E%3C%2Fsvg%3E\" data-orig-src=\"http:\/\/www.klimatsu.com\/wp-content\/uploads\/imagenes\/ES-18X18.png\" alt=\"\" width=\"18\" height=\"18\" \/><\/a> <a href=\"https:\/\/www.klimatsu.com\/wp-content\/uploads\/2025\/05\/CL81511_CL81515_TEC_KCAR-H1_Cassette_EN.pdf\" target=\"_blank\" rel=\"noopener\"><img decoding=\"async\" class=\"lazyload bandera alignnone\" src=\"data:image\/svg+xml,%3Csvg%20xmlns%3D%27http%3A%2F%2Fwww.w3.org%2F2000%2Fsvg%27%20width%3D%2718%27%20height%3D%2718%27%20viewBox%3D%270%200%2018%2018%27%3E%3Crect%20width%3D%2718%27%20height%3D%2718%27%20fill-opacity%3D%220%22%2F%3E%3C%2Fsvg%3E\" data-orig-src=\"http:\/\/www.klimatsu.com\/wp-content\/uploads\/imagenes\/EN-18X18.png\" alt=\"\" width=\"18\" height=\"18\" \/><\/a> <a href=\"https:\/\/www.klimatsu.com\/wp-content\/uploads\/2025\/05\/CL81511_CL81515_TEC_KCAR-H1_Cassette_FR.pdf\" target=\"_blank\" rel=\"noopener\"><img decoding=\"async\" class=\"lazyload bandera alignnone\" src=\"data:image\/svg+xml,%3Csvg%20xmlns%3D%27http%3A%2F%2Fwww.w3.org%2F2000%2Fsvg%27%20width%3D%2718%27%20height%3D%2718%27%20viewBox%3D%270%200%2018%2018%27%3E%3Crect%20width%3D%2718%27%20height%3D%2718%27%20fill-opacity%3D%220%22%2F%3E%3C%2Fsvg%3E\" data-orig-src=\"http:\/\/www.klimatsu.com\/wp-content\/uploads\/imagenes\/FR-18X18.png\" alt=\"\" width=\"18\" height=\"18\" \/><\/a> <a href=\"https:\/\/www.klimatsu.com\/wp-content\/uploads\/2025\/05\/CL81511_CL81515_TEC_KCAR-H1_Cassette_DE.pdf\" target=\"_blank\" rel=\"noopener\"><img decoding=\"async\" class=\"lazyload bandera alignnone\" src=\"data:image\/svg+xml,%3Csvg%20xmlns%3D%27http%3A%2F%2Fwww.w3.org%2F2000%2Fsvg%27%20width%3D%2718%27%20height%3D%2718%27%20viewBox%3D%270%200%2018%2018%27%3E%3Crect%20width%3D%2718%27%20height%3D%2718%27%20fill-opacity%3D%220%22%2F%3E%3C%2Fsvg%3E\" data-orig-src=\"http:\/\/www.klimatsu.com\/wp-content\/uploads\/imagenes\/DE-18X18.png\" alt=\"\" width=\"18\" height=\"18\" \/><\/a> <a href=\"https:\/\/www.klimatsu.com\/wp-content\/uploads\/2025\/05\/CL81511_CL81515_TEC_KCAR-H1_Cassette_PT.pdf\" target=\"_blank\" rel=\"noopener\"><img decoding=\"async\" class=\"lazyload bandera alignnone\" src=\"data:image\/svg+xml,%3Csvg%20xmlns%3D%27http%3A%2F%2Fwww.w3.org%2F2000%2Fsvg%27%20width%3D%2718%27%20height%3D%2718%27%20viewBox%3D%270%200%2018%2018%27%3E%3Crect%20width%3D%2718%27%20height%3D%2718%27%20fill-opacity%3D%220%22%2F%3E%3C%2Fsvg%3E\" data-orig-src=\"http:\/\/www.klimatsu.com\/wp-content\/uploads\/imagenes\/PT-18X18.png\" alt=\"\" width=\"18\" height=\"18\" \/><\/a><br \/>\n&#8211; Manuais de instala\u00e7\u00e3o e de utiliza\u00e7\u00e3o<br \/>\n<a href=\"https:\/\/www.klimatsu.com\/wp-content\/uploads\/2025\/04\/10058323.pdf\" target=\"_blank\" rel=\"noopener\"><img decoding=\"async\" class=\"lazyload bandera alignnone\" src=\"data:image\/svg+xml,%3Csvg%20xmlns%3D%27http%3A%2F%2Fwww.w3.org%2F2000%2Fsvg%27%20width%3D%2718%27%20height%3D%2718%27%20viewBox%3D%270%200%2018%2018%27%3E%3Crect%20width%3D%2718%27%20height%3D%2718%27%20fill-opacity%3D%220%22%2F%3E%3C%2Fsvg%3E\" data-orig-src=\"http:\/\/www.klimatsu.com\/wp-content\/uploads\/imagenes\/Multi-18X18.png\" alt=\"Multi idioma\" width=\"18\" height=\"18\" \/><\/a><br \/>\n&#8211; Etiquetas energ\u00e9ticas<br \/>\n<a href=\"https:\/\/www.klimatsu.com\/wp-content\/uploads\/2025\/04\/10058326.pdf\" target=\"_blank\" rel=\"noopener\"><img decoding=\"async\" class=\"lazyload bandera alignnone\" src=\"data:image\/svg+xml,%3Csvg%20xmlns%3D%27http%3A%2F%2Fwww.w3.org%2F2000%2Fsvg%27%20width%3D%2718%27%20height%3D%2718%27%20viewBox%3D%270%200%2018%2018%27%3E%3Crect%20width%3D%2718%27%20height%3D%2718%27%20fill-opacity%3D%220%22%2F%3E%3C%2Fsvg%3E\" data-orig-src=\"http:\/\/www.klimatsu.com\/wp-content\/uploads\/imagenes\/Multi-18X18.png\" alt=\"Multi media\" width=\"18\" height=\"18\" \/><\/a><\/p>\n<\/div><\/div><\/div><\/div><\/div>\n","protected":false},"excerpt":{"rendered":"","protected":false},"author":1,"featured_media":0,"parent":3618,"menu_order":0,"comment_status":"closed","ping_status":"closed","template":"100-width.php","meta":{"footnotes":""},"class_list":["post-3620","page","type-page","status-publish","hentry"],"_links":{"self":[{"href":"https:\/\/www.klimatsu.com\/pt-pt\/wp-json\/wp\/v2\/pages\/3620","targetHints":{"allow":["GET"]}}],"collection":[{"href":"https:\/\/www.klimatsu.com\/pt-pt\/wp-json\/wp\/v2\/pages"}],"about":[{"href":"https:\/\/www.klimatsu.com\/pt-pt\/wp-json\/wp\/v2\/types\/page"}],"author":[{"embeddable":true,"href":"https:\/\/www.klimatsu.com\/pt-pt\/wp-json\/wp\/v2\/users\/1"}],"replies":[{"embeddable":true,"href":"https:\/\/www.klimatsu.com\/pt-pt\/wp-json\/wp\/v2\/comments?post=3620"}],"version-history":[{"count":5,"href":"https:\/\/www.klimatsu.com\/pt-pt\/wp-json\/wp\/v2\/pages\/3620\/revisions"}],"predecessor-version":[{"id":3629,"href":"https:\/\/www.klimatsu.com\/pt-pt\/wp-json\/wp\/v2\/pages\/3620\/revisions\/3629"}],"up":[{"embeddable":true,"href":"https:\/\/www.klimatsu.com\/pt-pt\/wp-json\/wp\/v2\/pages\/3618"}],"wp:attachment":[{"href":"https:\/\/www.klimatsu.com\/pt-pt\/wp-json\/wp\/v2\/media?parent=3620"}],"curies":[{"name":"wp","href":"https:\/\/api.w.org\/{rel}","templated":true}]}}