{"id":3643,"date":"2025-01-30T15:56:12","date_gmt":"2025-01-30T14:56:12","guid":{"rendered":"https:\/\/www.klimatsu.com\/quienes-somos\/"},"modified":"2025-06-27T15:16:23","modified_gmt":"2025-06-27T13:16:23","slug":"quem-somos","status":"publish","type":"page","link":"https:\/\/www.klimatsu.com\/pt-pt\/quem-somos\/","title":{"rendered":"Quem somos"},"content":{"rendered":"<div class=\"fusion-fullwidth fullwidth-box fusion-builder-row-1 fusion-flex-container has-pattern-background has-mask-background nonhundred-percent-fullwidth non-hundred-percent-height-scrolling\" style=\"--awb-border-radius-top-left:0px;--awb-border-radius-top-right:0px;--awb-border-radius-bottom-right:0px;--awb-border-radius-bottom-left:0px;--awb-flex-wrap:wrap;\" ><div class=\"fusion-builder-row fusion-row fusion-flex-align-items-flex-start fusion-flex-content-wrap\" style=\"max-width:1248px;margin-left: calc(-4% \/ 2 );margin-right: calc(-4% \/ 2 );\"><div class=\"fusion-layout-column fusion_builder_column fusion-builder-column-0 fusion_builder_column_1_1 1_1 fusion-flex-column\" style=\"--awb-bg-size:cover;--awb-width-large:100%;--awb-margin-top-large:0px;--awb-spacing-right-large:1.92%;--awb-margin-bottom-large:20px;--awb-spacing-left-large:1.92%;--awb-width-medium:100%;--awb-order-medium:0;--awb-spacing-right-medium:1.92%;--awb-spacing-left-medium:1.92%;--awb-width-small:100%;--awb-order-small:0;--awb-spacing-right-small:1.92%;--awb-spacing-left-small:1.92%;\"><div class=\"fusion-column-wrapper fusion-column-has-shadow fusion-flex-justify-content-flex-start fusion-content-layout-column\"><div class=\"fusion-text fusion-text-1\"><p>A Klimatsu\u00ae \u00e9 uma sele\u00e7\u00e3o de produtos orientados para a climatiza\u00e7\u00e3o que oferece uma gama completa de equipamentos de elevada qualidade, amigos do ambiente, ecol\u00f3gicos e inovadores. A gama inclui aparelhos de ar condicionado de diferentes pot\u00eancias e tecnologias, bem como acess\u00f3rios para a sua montagem, utiliza\u00e7\u00e3o e instala\u00e7\u00e3o, constituindo uma gama totalmente adaptada \u00e0s necessidades do mercado da distribui\u00e7\u00e3o.<\/p>\n<p>Todos os produtos Klimatsu\u00ae s\u00e3o submetidos a rigorosos controlos de qualidade. \u00c9 por isso que os seus equipamentos s\u00e3o constitu\u00eddos por componentes de marcas de topo, t\u00eam tratamento anti corros\u00e3o e excelente desempenho a muito baixas e altas temperaturas, oferecendo conforto e garantia aos utilizadores.<\/p>\n<p>Com uma trajet\u00f3ria firme e duradoura no canal profissional ao longo de 50 anos e com mais de 1.000.000 aparelhos de ar condicionado vendidos na Europa, a Klimatsu\u00ae representa a solu\u00e7\u00e3o perfeita para os seus clientes e uma resposta definitiva \u00e0s suas necessidades. As suas principais vantagens s\u00e3o a oferta com cobertura nacional, a elevada qualidade dos seus produtos &#8211; que otimizam o rendimento e o consumo e s\u00e3o classificados com a m\u00e1xima efici\u00eancia energ\u00e9tica &#8211; e os seus pre\u00e7os competitivos.<\/p>\n<p>Tudo isto, somando a qualidade do seu Servi\u00e7o de Assist\u00eancia T\u00e9cnica com cobertura em toda a Pen\u00ednsula Ib\u00e9rica e tempos de resposta r\u00e1pidos, com uma equipa composta por pessoal t\u00e9cnico altamente qualificado e com larga experi\u00eancia no setor, faz que a Klimatsu\u00ae seja a op\u00e7\u00e3o perfeita num mercado em pleno processo de expans\u00e3o.<\/p>\n<\/div><\/div><\/div><\/div><\/div>\n","protected":false},"excerpt":{"rendered":"","protected":false},"author":1,"featured_media":0,"parent":0,"menu_order":0,"comment_status":"closed","ping_status":"closed","template":"100-width.php","meta":{"footnotes":""},"class_list":["post-3643","page","type-page","status-publish","hentry"],"_links":{"self":[{"href":"https:\/\/www.klimatsu.com\/pt-pt\/wp-json\/wp\/v2\/pages\/3643","targetHints":{"allow":["GET"]}}],"collection":[{"href":"https:\/\/www.klimatsu.com\/pt-pt\/wp-json\/wp\/v2\/pages"}],"about":[{"href":"https:\/\/www.klimatsu.com\/pt-pt\/wp-json\/wp\/v2\/types\/page"}],"author":[{"embeddable":true,"href":"https:\/\/www.klimatsu.com\/pt-pt\/wp-json\/wp\/v2\/users\/1"}],"replies":[{"embeddable":true,"href":"https:\/\/www.klimatsu.com\/pt-pt\/wp-json\/wp\/v2\/comments?post=3643"}],"version-history":[{"count":2,"href":"https:\/\/www.klimatsu.com\/pt-pt\/wp-json\/wp\/v2\/pages\/3643\/revisions"}],"predecessor-version":[{"id":3645,"href":"https:\/\/www.klimatsu.com\/pt-pt\/wp-json\/wp\/v2\/pages\/3643\/revisions\/3645"}],"wp:attachment":[{"href":"https:\/\/www.klimatsu.com\/pt-pt\/wp-json\/wp\/v2\/media?parent=3643"}],"curies":[{"name":"wp","href":"https:\/\/api.w.org\/{rel}","templated":true}]}}