{"id":3646,"date":"2025-01-30T15:55:43","date_gmt":"2025-01-30T14:55:43","guid":{"rendered":"https:\/\/www.klimatsu.com\/informacion-tecnica\/"},"modified":"2025-06-30T11:04:05","modified_gmt":"2025-06-30T09:04:05","slug":"informacoes-tecnicas","status":"publish","type":"page","link":"https:\/\/www.klimatsu.com\/pt-pt\/informacoes-tecnicas\/","title":{"rendered":"Informa\u00e7\u00f5es t\u00e9cnicas"},"content":{"rendered":"<div class=\"fusion-fullwidth fullwidth-box fusion-builder-row-1 fusion-flex-container has-pattern-background has-mask-background nonhundred-percent-fullwidth non-hundred-percent-height-scrolling\" style=\"--awb-border-radius-top-left:0px;--awb-border-radius-top-right:0px;--awb-border-radius-bottom-right:0px;--awb-border-radius-bottom-left:0px;--awb-flex-wrap:wrap;\" ><div class=\"fusion-builder-row fusion-row fusion-flex-align-items-flex-start fusion-flex-content-wrap\" style=\"max-width:1248px;margin-left: calc(-4% \/ 2 );margin-right: calc(-4% \/ 2 );\"><div class=\"fusion-layout-column fusion_builder_column fusion-builder-column-0 fusion_builder_column_1_2 1_2 fusion-flex-column\" style=\"--awb-bg-size:cover;--awb-width-large:50%;--awb-margin-top-large:0px;--awb-spacing-right-large:3.84%;--awb-margin-bottom-large:20px;--awb-spacing-left-large:3.84%;--awb-width-medium:50%;--awb-order-medium:0;--awb-spacing-right-medium:3.84%;--awb-spacing-left-medium:3.84%;--awb-width-small:100%;--awb-order-small:0;--awb-spacing-right-small:1.92%;--awb-spacing-left-small:1.92%;\" data-scroll-devices=\"small-visibility,medium-visibility,large-visibility\"><div class=\"fusion-column-wrapper fusion-column-has-shadow fusion-flex-justify-content-flex-start fusion-content-layout-column\"><div class=\"fusion-title title fusion-title-1 fusion-sep-none fusion-title-text fusion-title-size-three\" style=\"--awb-margin-top-small:10px;--awb-margin-right-small:0px;--awb-margin-bottom-small:10px;--awb-margin-left-small:0px;\"><h3 class=\"fusion-title-heading title-heading-left\" style=\"margin:0;\">Gama Dom\u00e9stica<\/h3><\/div>\n<div class=\"table-1\">\n<table width=\"100%\">\n<thead>\n<tr>\n<th align=\"left\">Modelo<\/th>\n<th align=\"left\">Documento<\/th>\n<\/tr>\n<\/thead>\n<tbody>\n<tr>\n<td align=\"left\">Split S\u00e9rie <a href=\"https:\/\/www.klimatsu.com\/pt-pt\/gama-domestica\/serie-aruku\/\">Aruku<\/a><\/td>\n<td align=\"left\"><a href=\"http:\/\/www.klimatsu.com\/wp-content\/uploads\/2025\/02\/CL80501_CL80504_TEC_ARUKU_Split_de_pared.pdf\" target=\"_blank\" rel=\"noopener\"><img decoding=\"async\" class=\"lazyload bandera alignnone\" src=\"data:image\/svg+xml,%3Csvg%20xmlns%3D%27http%3A%2F%2Fwww.w3.org%2F2000%2Fsvg%27%20width%3D%2718%27%20height%3D%2718%27%20viewBox%3D%270%200%2018%2018%27%3E%3Crect%20width%3D%2718%27%20height%3D%2718%27%20fill-opacity%3D%220%22%2F%3E%3C%2Fsvg%3E\" data-orig-src=\"http:\/\/www.klimatsu.com\/wp-content\/uploads\/imagenes\/ES-18X18.png\" alt=\"\" width=\"18\" height=\"18\" \/><\/a> <a href=\"https:\/\/www.klimatsu.com\/wp-content\/uploads\/2025\/04\/10056615_EN.pdf\" target=\"_blank\" rel=\"noopener\"><img decoding=\"async\" class=\"lazyload bandera alignnone\" src=\"data:image\/svg+xml,%3Csvg%20xmlns%3D%27http%3A%2F%2Fwww.w3.org%2F2000%2Fsvg%27%20width%3D%2718%27%20height%3D%2718%27%20viewBox%3D%270%200%2018%2018%27%3E%3Crect%20width%3D%2718%27%20height%3D%2718%27%20fill-opacity%3D%220%22%2F%3E%3C%2Fsvg%3E\" data-orig-src=\"http:\/\/www.klimatsu.com\/wp-content\/uploads\/imagenes\/EN-18X18.png\" alt=\"\" width=\"18\" height=\"18\" \/><\/a> <a href=\"https:\/\/www.klimatsu.com\/wp-content\/uploads\/2025\/04\/10056616_FR.pdf\" target=\"_blank\" rel=\"noopener\"><img decoding=\"async\" class=\"lazyload bandera alignnone\" src=\"data:image\/svg+xml,%3Csvg%20xmlns%3D%27http%3A%2F%2Fwww.w3.org%2F2000%2Fsvg%27%20width%3D%2718%27%20height%3D%2718%27%20viewBox%3D%270%200%2018%2018%27%3E%3Crect%20width%3D%2718%27%20height%3D%2718%27%20fill-opacity%3D%220%22%2F%3E%3C%2Fsvg%3E\" data-orig-src=\"http:\/\/www.klimatsu.com\/wp-content\/uploads\/imagenes\/FR-18X18.png\" alt=\"\" width=\"18\" height=\"18\" \/><\/a> <a href=\"https:\/\/www.klimatsu.com\/wp-content\/uploads\/2025\/04\/10056614_DE.pdf\" target=\"_blank\" rel=\"noopener\"><img decoding=\"async\" class=\"lazyload bandera alignnone\" src=\"data:image\/svg+xml,%3Csvg%20xmlns%3D%27http%3A%2F%2Fwww.w3.org%2F2000%2Fsvg%27%20width%3D%2718%27%20height%3D%2718%27%20viewBox%3D%270%200%2018%2018%27%3E%3Crect%20width%3D%2718%27%20height%3D%2718%27%20fill-opacity%3D%220%22%2F%3E%3C%2Fsvg%3E\" data-orig-src=\"http:\/\/www.klimatsu.com\/wp-content\/uploads\/imagenes\/DE-18X18.png\" alt=\"\" width=\"18\" height=\"18\" \/><\/a> <a href=\"https:\/\/www.klimatsu.com\/wp-content\/uploads\/2025\/04\/10056638_PT.pdf\" target=\"_blank\" rel=\"noopener\"><img decoding=\"async\" class=\"lazyload bandera alignnone\" src=\"data:image\/svg+xml,%3Csvg%20xmlns%3D%27http%3A%2F%2Fwww.w3.org%2F2000%2Fsvg%27%20width%3D%2718%27%20height%3D%2718%27%20viewBox%3D%270%200%2018%2018%27%3E%3Crect%20width%3D%2718%27%20height%3D%2718%27%20fill-opacity%3D%220%22%2F%3E%3C%2Fsvg%3E\" data-orig-src=\"http:\/\/www.klimatsu.com\/wp-content\/uploads\/imagenes\/PT-18X18.png\" alt=\"\" width=\"18\" height=\"18\" \/><\/a><\/td>\n<\/tr>\n<tr>\n<td align=\"left\">MultiSplit S\u00e9rie <a href=\"https:\/\/www.klimatsu.com\/pt-pt\/gama-domestica\/serie-aruku-ate-5x1\/\">Aruku<\/a><\/td>\n<td align=\"left\"><a href=\"https:\/\/www.klimatsu.com\/wp-content\/uploads\/2025\/04\/10058183.pdf\" target=\"_blank\" rel=\"noopener\"><img decoding=\"async\" class=\"lazyload bandera alignnone\" src=\"data:image\/svg+xml,%3Csvg%20xmlns%3D%27http%3A%2F%2Fwww.w3.org%2F2000%2Fsvg%27%20width%3D%2718%27%20height%3D%2718%27%20viewBox%3D%270%200%2018%2018%27%3E%3Crect%20width%3D%2718%27%20height%3D%2718%27%20fill-opacity%3D%220%22%2F%3E%3C%2Fsvg%3E\" data-orig-src=\"http:\/\/www.klimatsu.com\/wp-content\/uploads\/imagenes\/ES-18X18.png\" alt=\"\" width=\"18\" height=\"18\" \/><\/a> <a href=\"https:\/\/www.klimatsu.com\/wp-content\/uploads\/2025\/05\/cl80601_cl80605_tec_aruku_multi_EN.pdf\" target=\"_blank\" rel=\"noopener\"><img decoding=\"async\" class=\"lazyload bandera alignnone\" src=\"data:image\/svg+xml,%3Csvg%20xmlns%3D%27http%3A%2F%2Fwww.w3.org%2F2000%2Fsvg%27%20width%3D%2718%27%20height%3D%2718%27%20viewBox%3D%270%200%2018%2018%27%3E%3Crect%20width%3D%2718%27%20height%3D%2718%27%20fill-opacity%3D%220%22%2F%3E%3C%2Fsvg%3E\" data-orig-src=\"http:\/\/www.klimatsu.com\/wp-content\/uploads\/imagenes\/EN-18X18.png\" alt=\"\" width=\"18\" height=\"18\" \/><\/a> <a href=\"https:\/\/www.klimatsu.com\/wp-content\/uploads\/2025\/05\/cl80601_cl80605_tec_aruku_multi_FR.pdf\" target=\"_blank\" rel=\"noopener\"><img decoding=\"async\" class=\"lazyload bandera alignnone\" src=\"data:image\/svg+xml,%3Csvg%20xmlns%3D%27http%3A%2F%2Fwww.w3.org%2F2000%2Fsvg%27%20width%3D%2718%27%20height%3D%2718%27%20viewBox%3D%270%200%2018%2018%27%3E%3Crect%20width%3D%2718%27%20height%3D%2718%27%20fill-opacity%3D%220%22%2F%3E%3C%2Fsvg%3E\" data-orig-src=\"http:\/\/www.klimatsu.com\/wp-content\/uploads\/imagenes\/FR-18X18.png\" alt=\"\" width=\"18\" height=\"18\" \/><\/a> <a href=\"https:\/\/www.klimatsu.com\/wp-content\/uploads\/2025\/05\/cl80601_cl80605_tec_aruku_multi_DE.pdf\" target=\"_blank\" rel=\"noopener\"><img decoding=\"async\" class=\"lazyload bandera alignnone\" src=\"data:image\/svg+xml,%3Csvg%20xmlns%3D%27http%3A%2F%2Fwww.w3.org%2F2000%2Fsvg%27%20width%3D%2718%27%20height%3D%2718%27%20viewBox%3D%270%200%2018%2018%27%3E%3Crect%20width%3D%2718%27%20height%3D%2718%27%20fill-opacity%3D%220%22%2F%3E%3C%2Fsvg%3E\" data-orig-src=\"http:\/\/www.klimatsu.com\/wp-content\/uploads\/imagenes\/DE-18X18.png\" alt=\"\" width=\"18\" height=\"18\" \/><\/a> <a href=\"https:\/\/www.klimatsu.com\/wp-content\/uploads\/2025\/05\/cl80601_cl80605_tec_aruku_multi_PT.pdf\" target=\"_blank\" rel=\"noopener\"><img decoding=\"async\" class=\"lazyload bandera alignnone\" src=\"data:image\/svg+xml,%3Csvg%20xmlns%3D%27http%3A%2F%2Fwww.w3.org%2F2000%2Fsvg%27%20width%3D%2718%27%20height%3D%2718%27%20viewBox%3D%270%200%2018%2018%27%3E%3Crect%20width%3D%2718%27%20height%3D%2718%27%20fill-opacity%3D%220%22%2F%3E%3C%2Fsvg%3E\" data-orig-src=\"http:\/\/www.klimatsu.com\/wp-content\/uploads\/imagenes\/PT-18X18.png\" alt=\"\" width=\"18\" height=\"18\" \/><\/a><\/td>\n<\/tr>\n<\/tbody>\n<\/table>\n<\/div>\n<\/div><\/div><div class=\"fusion-layout-column fusion_builder_column fusion-builder-column-1 fusion_builder_column_1_2 1_2 fusion-flex-column\" style=\"--awb-bg-size:cover;--awb-width-large:50%;--awb-margin-top-large:0px;--awb-spacing-right-large:3.84%;--awb-margin-bottom-large:20px;--awb-spacing-left-large:3.84%;--awb-width-medium:50%;--awb-order-medium:0;--awb-spacing-right-medium:3.84%;--awb-spacing-left-medium:3.84%;--awb-width-small:100%;--awb-order-small:0;--awb-spacing-right-small:1.92%;--awb-spacing-left-small:1.92%;\" data-scroll-devices=\"small-visibility,medium-visibility,large-visibility\"><div class=\"fusion-column-wrapper fusion-column-has-shadow fusion-flex-justify-content-flex-start fusion-content-layout-column\"><div class=\"fusion-title title fusion-title-2 fusion-sep-none fusion-title-text fusion-title-size-three\" style=\"--awb-margin-top-small:10px;--awb-margin-right-small:0px;--awb-margin-bottom-small:10px;--awb-margin-left-small:0px;\"><h3 class=\"fusion-title-heading title-heading-left\" style=\"margin:0;\">Gama Comercial<\/h3><\/div>\n<div class=\"table-1\">\n<table width=\"100%\">\n<thead>\n<tr>\n<th align=\"left\">Modelo<\/th>\n<th align=\"left\">Documento<\/th>\n<\/tr>\n<\/thead>\n<tbody>\n<tr>\n<td align=\"left\">Split de Conduta S\u00e9rie <a href=\"https:\/\/www.klimatsu.com\/pt-pt\/gama-comercial\/conduta-serie-kanji\/\">Kanji<\/a><\/td>\n<td align=\"left\"><a href=\"https:\/\/www.klimatsu.com\/wp-content\/uploads\/2025\/04\/10058447.pdf\" target=\"_blank\" rel=\"noopener\"><img decoding=\"async\" class=\"lazyload bandera alignnone\" src=\"data:image\/svg+xml,%3Csvg%20xmlns%3D%27http%3A%2F%2Fwww.w3.org%2F2000%2Fsvg%27%20width%3D%2718%27%20height%3D%2718%27%20viewBox%3D%270%200%2018%2018%27%3E%3Crect%20width%3D%2718%27%20height%3D%2718%27%20fill-opacity%3D%220%22%2F%3E%3C%2Fsvg%3E\" data-orig-src=\"http:\/\/www.klimatsu.com\/wp-content\/uploads\/imagenes\/ES-18X18.png\" alt=\"\" width=\"18\" height=\"18\" \/><\/a> <a href=\"https:\/\/www.klimatsu.com\/wp-content\/uploads\/2025\/05\/CL81501_CL81505_TEC_KDAR-H1_Conducto_EN.pdf\" target=\"_blank\" rel=\"noopener\"><img decoding=\"async\" class=\"lazyload bandera alignnone\" src=\"data:image\/svg+xml,%3Csvg%20xmlns%3D%27http%3A%2F%2Fwww.w3.org%2F2000%2Fsvg%27%20width%3D%2718%27%20height%3D%2718%27%20viewBox%3D%270%200%2018%2018%27%3E%3Crect%20width%3D%2718%27%20height%3D%2718%27%20fill-opacity%3D%220%22%2F%3E%3C%2Fsvg%3E\" data-orig-src=\"http:\/\/www.klimatsu.com\/wp-content\/uploads\/imagenes\/EN-18X18.png\" alt=\"\" width=\"18\" height=\"18\" \/><\/a> <a href=\"https:\/\/www.klimatsu.com\/wp-content\/uploads\/2025\/05\/CL81501_CL81505_TEC_KDAR-H1_Conducto_FR.pdf\" target=\"_blank\" rel=\"noopener\"><img decoding=\"async\" class=\"lazyload bandera alignnone\" src=\"data:image\/svg+xml,%3Csvg%20xmlns%3D%27http%3A%2F%2Fwww.w3.org%2F2000%2Fsvg%27%20width%3D%2718%27%20height%3D%2718%27%20viewBox%3D%270%200%2018%2018%27%3E%3Crect%20width%3D%2718%27%20height%3D%2718%27%20fill-opacity%3D%220%22%2F%3E%3C%2Fsvg%3E\" data-orig-src=\"http:\/\/www.klimatsu.com\/wp-content\/uploads\/imagenes\/FR-18X18.png\" alt=\"\" width=\"18\" height=\"18\" \/><\/a> <a href=\"https:\/\/www.klimatsu.com\/wp-content\/uploads\/2025\/05\/CL81501_CL81505_TEC_KDAR-H1_Conducto_DE.pdf\" target=\"_blank\" rel=\"noopener\"><img decoding=\"async\" class=\"lazyload bandera alignnone\" src=\"data:image\/svg+xml,%3Csvg%20xmlns%3D%27http%3A%2F%2Fwww.w3.org%2F2000%2Fsvg%27%20width%3D%2718%27%20height%3D%2718%27%20viewBox%3D%270%200%2018%2018%27%3E%3Crect%20width%3D%2718%27%20height%3D%2718%27%20fill-opacity%3D%220%22%2F%3E%3C%2Fsvg%3E\" data-orig-src=\"http:\/\/www.klimatsu.com\/wp-content\/uploads\/imagenes\/DE-18X18.png\" alt=\"\" width=\"18\" height=\"18\" \/><\/a> <a href=\"https:\/\/www.klimatsu.com\/wp-content\/uploads\/2025\/05\/CL81501_CL81505_TEC_KDAR-H1_Conducto_PT.pdf\" target=\"_blank\" rel=\"noopener\"><img decoding=\"async\" class=\"lazyload bandera alignnone\" src=\"data:image\/svg+xml,%3Csvg%20xmlns%3D%27http%3A%2F%2Fwww.w3.org%2F2000%2Fsvg%27%20width%3D%2718%27%20height%3D%2718%27%20viewBox%3D%270%200%2018%2018%27%3E%3Crect%20width%3D%2718%27%20height%3D%2718%27%20fill-opacity%3D%220%22%2F%3E%3C%2Fsvg%3E\" data-orig-src=\"http:\/\/www.klimatsu.com\/wp-content\/uploads\/imagenes\/PT-18X18.png\" alt=\"\" width=\"18\" height=\"18\" \/><\/a><\/td>\n<\/tr>\n<tr>\n<td align=\"left\">Split de Cassete S\u00e9rie <a href=\"https:\/\/www.klimatsu.com\/pt-pt\/gama-comercial\/cassete-serie-kanji\/\">Kanji<\/a><\/td>\n<td align=\"left\"><a href=\"https:\/\/www.klimatsu.com\/wp-content\/uploads\/2025\/04\/CL81511_CL81515_TEC_KCAR-H1_Cassette.pdf\" target=\"_blank\" rel=\"noopener\"><img decoding=\"async\" class=\"lazyload bandera alignnone\" src=\"data:image\/svg+xml,%3Csvg%20xmlns%3D%27http%3A%2F%2Fwww.w3.org%2F2000%2Fsvg%27%20width%3D%2718%27%20height%3D%2718%27%20viewBox%3D%270%200%2018%2018%27%3E%3Crect%20width%3D%2718%27%20height%3D%2718%27%20fill-opacity%3D%220%22%2F%3E%3C%2Fsvg%3E\" data-orig-src=\"http:\/\/www.klimatsu.com\/wp-content\/uploads\/imagenes\/ES-18X18.png\" alt=\"\" width=\"18\" height=\"18\" \/><\/a> <a href=\"https:\/\/www.klimatsu.com\/wp-content\/uploads\/2025\/05\/CL81511_CL81515_TEC_KCAR-H1_Cassette_EN.pdf\" target=\"_blank\" rel=\"noopener\"><img decoding=\"async\" class=\"lazyload bandera alignnone\" src=\"data:image\/svg+xml,%3Csvg%20xmlns%3D%27http%3A%2F%2Fwww.w3.org%2F2000%2Fsvg%27%20width%3D%2718%27%20height%3D%2718%27%20viewBox%3D%270%200%2018%2018%27%3E%3Crect%20width%3D%2718%27%20height%3D%2718%27%20fill-opacity%3D%220%22%2F%3E%3C%2Fsvg%3E\" data-orig-src=\"http:\/\/www.klimatsu.com\/wp-content\/uploads\/imagenes\/EN-18X18.png\" alt=\"\" width=\"18\" height=\"18\" \/><\/a> <a href=\"https:\/\/www.klimatsu.com\/wp-content\/uploads\/2025\/05\/CL81511_CL81515_TEC_KCAR-H1_Cassette_FR.pdf\" target=\"_blank\" rel=\"noopener\"><img decoding=\"async\" class=\"lazyload bandera alignnone\" src=\"data:image\/svg+xml,%3Csvg%20xmlns%3D%27http%3A%2F%2Fwww.w3.org%2F2000%2Fsvg%27%20width%3D%2718%27%20height%3D%2718%27%20viewBox%3D%270%200%2018%2018%27%3E%3Crect%20width%3D%2718%27%20height%3D%2718%27%20fill-opacity%3D%220%22%2F%3E%3C%2Fsvg%3E\" data-orig-src=\"http:\/\/www.klimatsu.com\/wp-content\/uploads\/imagenes\/FR-18X18.png\" alt=\"\" width=\"18\" height=\"18\" \/><\/a> <a href=\"https:\/\/www.klimatsu.com\/wp-content\/uploads\/2025\/05\/CL81511_CL81515_TEC_KCAR-H1_Cassette_DE.pdf\" target=\"_blank\" rel=\"noopener\"><img decoding=\"async\" class=\"lazyload bandera alignnone\" src=\"data:image\/svg+xml,%3Csvg%20xmlns%3D%27http%3A%2F%2Fwww.w3.org%2F2000%2Fsvg%27%20width%3D%2718%27%20height%3D%2718%27%20viewBox%3D%270%200%2018%2018%27%3E%3Crect%20width%3D%2718%27%20height%3D%2718%27%20fill-opacity%3D%220%22%2F%3E%3C%2Fsvg%3E\" data-orig-src=\"http:\/\/www.klimatsu.com\/wp-content\/uploads\/imagenes\/DE-18X18.png\" alt=\"\" width=\"18\" height=\"18\" \/><\/a> <a href=\"https:\/\/www.klimatsu.com\/wp-content\/uploads\/2025\/05\/CL81511_CL81515_TEC_KCAR-H1_Cassette_PT.pdf\" target=\"_blank\" rel=\"noopener\"><img decoding=\"async\" class=\"lazyload bandera alignnone\" src=\"data:image\/svg+xml,%3Csvg%20xmlns%3D%27http%3A%2F%2Fwww.w3.org%2F2000%2Fsvg%27%20width%3D%2718%27%20height%3D%2718%27%20viewBox%3D%270%200%2018%2018%27%3E%3Crect%20width%3D%2718%27%20height%3D%2718%27%20fill-opacity%3D%220%22%2F%3E%3C%2Fsvg%3E\" data-orig-src=\"http:\/\/www.klimatsu.com\/wp-content\/uploads\/imagenes\/PT-18X18.png\" alt=\"\" width=\"18\" height=\"18\" \/><\/a><\/td>\n<\/tr>\n<\/tbody>\n<\/table>\n<\/div>\n<\/div><\/div><\/div><\/div>\n","protected":false},"excerpt":{"rendered":"","protected":false},"author":1,"featured_media":0,"parent":0,"menu_order":0,"comment_status":"closed","ping_status":"closed","template":"100-width.php","meta":{"footnotes":""},"class_list":["post-3646","page","type-page","status-publish","hentry"],"_links":{"self":[{"href":"https:\/\/www.klimatsu.com\/pt-pt\/wp-json\/wp\/v2\/pages\/3646","targetHints":{"allow":["GET"]}}],"collection":[{"href":"https:\/\/www.klimatsu.com\/pt-pt\/wp-json\/wp\/v2\/pages"}],"about":[{"href":"https:\/\/www.klimatsu.com\/pt-pt\/wp-json\/wp\/v2\/types\/page"}],"author":[{"embeddable":true,"href":"https:\/\/www.klimatsu.com\/pt-pt\/wp-json\/wp\/v2\/users\/1"}],"replies":[{"embeddable":true,"href":"https:\/\/www.klimatsu.com\/pt-pt\/wp-json\/wp\/v2\/comments?post=3646"}],"version-history":[{"count":2,"href":"https:\/\/www.klimatsu.com\/pt-pt\/wp-json\/wp\/v2\/pages\/3646\/revisions"}],"predecessor-version":[{"id":3648,"href":"https:\/\/www.klimatsu.com\/pt-pt\/wp-json\/wp\/v2\/pages\/3646\/revisions\/3648"}],"wp:attachment":[{"href":"https:\/\/www.klimatsu.com\/pt-pt\/wp-json\/wp\/v2\/media?parent=3646"}],"curies":[{"name":"wp","href":"https:\/\/api.w.org\/{rel}","templated":true}]}}